{"id":530,"date":"2023-10-18T18:41:13","date_gmt":"2023-10-18T18:41:13","guid":{"rendered":"https:\/\/workspace11.loremmedia-gmbh.com\/?page_id=530"},"modified":"2023-10-24T16:36:31","modified_gmt":"2023-10-24T16:36:31","slug":"impressum","status":"publish","type":"page","link":"https:\/\/wadendehner-set.de\/index.php\/impressum\/","title":{"rendered":"Impressum"},"content":{"rendered":"<style>.elementor-530 .elementor-element.elementor-element-b75351f > .elementor-container{min-height:40vh;}.elementor-530 .elementor-element.elementor-element-b75351f:not(.elementor-motion-effects-element-type-background), .elementor-530 .elementor-element.elementor-element-b75351f > .elementor-motion-effects-container > .elementor-motion-effects-layer{background-image:url(\"https:\/\/wadendehner-set.de\/wp-content\/uploads\/2023\/10\/fit-confident-sportswoman-with-barbell-in-gym-5KEXWQYa.jpg\");background-position:center center;background-repeat:no-repeat;background-size:cover;}.elementor-530 .elementor-element.elementor-element-b75351f > .elementor-background-overlay{background-color:var( --e-global-color-74147e9 );opacity:0.65;transition:background 0.3s, border-radius 0.3s, opacity 0.3s;}.elementor-530 .elementor-element.elementor-element-b75351f{transition:background 0.3s, border 0.3s, border-radius 0.3s, box-shadow 0.3s;margin-top:-110px;margin-bottom:0px;}.elementor-bc-flex-widget .elementor-530 .elementor-element.elementor-element-2ff6b63.elementor-column .elementor-widget-wrap{align-items:flex-end;}.elementor-530 .elementor-element.elementor-element-2ff6b63.elementor-column.elementor-element[data-element_type=\"column\"] > .elementor-widget-wrap.elementor-element-populated{align-content:flex-end;align-items:flex-end;}.elementor-530 .elementor-element.elementor-element-2ff6b63 > .elementor-widget-wrap > .elementor-widget:not(.elementor-widget__width-auto):not(.elementor-widget__width-initial):not(:last-child):not(.elementor-absolute){margin-block-end:1px;}.elementor-530 .elementor-element.elementor-element-2ff6b63 > .elementor-element-populated{padding:1em 1em 1em 1em;}.elementor-widget-heading .elementor-heading-title{font-family:var( --e-global-typography-primary-font-family ), Sans-serif;font-weight:var( --e-global-typography-primary-font-weight );color:var( --e-global-color-primary );}.elementor-530 .elementor-element.elementor-element-bc86044{text-align:center;z-index:2;}.elementor-530 .elementor-element.elementor-element-bc86044 .elementor-heading-title{font-family:\"Downey\", Sans-serif;font-size:55px;font-weight:200;color:var( --e-global-color-ad67879 );}.elementor-530 .elementor-element.elementor-element-bc86044 > .elementor-widget-container{margin:0px 0px 10px 0px;}.elementor-widget-text-editor{font-family:var( --e-global-typography-text-font-family ), Sans-serif;font-weight:var( --e-global-typography-text-font-weight );color:var( --e-global-color-text );}.elementor-widget-text-editor.elementor-drop-cap-view-stacked .elementor-drop-cap{background-color:var( --e-global-color-primary );}.elementor-widget-text-editor.elementor-drop-cap-view-framed .elementor-drop-cap, .elementor-widget-text-editor.elementor-drop-cap-view-default .elementor-drop-cap{color:var( --e-global-color-primary );border-color:var( --e-global-color-primary );}.elementor-530 .elementor-element.elementor-element-3877935{text-align:center;font-family:\"Montserrat\", Sans-serif;font-weight:300;text-decoration:none;color:var( --e-global-color-ad67879 );}.elementor-530 .elementor-element.elementor-element-a0c33a4{--spacer-size:30px;}.elementor-530 .elementor-element.elementor-element-90e1f9e:not(.elementor-motion-effects-element-type-background), .elementor-530 .elementor-element.elementor-element-90e1f9e > .elementor-motion-effects-container > .elementor-motion-effects-layer{background-color:var( --e-global-color-74147e9 );}.elementor-530 .elementor-element.elementor-element-90e1f9e{transition:background 0.3s, border 0.3s, border-radius 0.3s, box-shadow 0.3s;padding:6em 1em 6em 1em;}.elementor-530 .elementor-element.elementor-element-90e1f9e > .elementor-background-overlay{transition:background 0.3s, border-radius 0.3s, opacity 0.3s;}.elementor-bc-flex-widget .elementor-530 .elementor-element.elementor-element-a49d0fe.elementor-column .elementor-widget-wrap{align-items:flex-start;}.elementor-530 .elementor-element.elementor-element-a49d0fe.elementor-column.elementor-element[data-element_type=\"column\"] > .elementor-widget-wrap.elementor-element-populated{align-content:flex-start;align-items:flex-start;}.elementor-530 .elementor-element.elementor-element-a49d0fe > .elementor-element-populated{padding:1em 1em 1em 1em;}.elementor-530 .elementor-element.elementor-element-ed0227b{text-align:start;z-index:2;}.elementor-530 .elementor-element.elementor-element-ed0227b .elementor-heading-title{font-family:\"Downey\", Sans-serif;font-size:25px;font-weight:200;color:var( --e-global-color-ad67879 );}.elementor-530 .elementor-element.elementor-element-1d8528a{font-family:\"Montserrat\", Sans-serif;font-weight:300;color:var( --e-global-color-ad67879 );}.elementor-530 .elementor-element.elementor-element-1d8528a > .elementor-widget-container{margin:0px 0px 70px 0px;padding:0px 0px 0px 0px;}.elementor-530 .elementor-element.elementor-element-a744116{text-align:start;z-index:2;}.elementor-530 .elementor-element.elementor-element-a744116 .elementor-heading-title{font-family:\"Downey\", Sans-serif;font-size:25px;font-weight:200;color:var( --e-global-color-ad67879 );}.elementor-530 .elementor-element.elementor-element-fae05dc{font-family:\"Montserrat\", Sans-serif;font-weight:300;color:var( --e-global-color-ad67879 );}.elementor-530 .elementor-element.elementor-element-fae05dc > .elementor-widget-container{margin:0px 0px 30px 0px;padding:0px 0px 0px 0px;}.elementor-bc-flex-widget .elementor-530 .elementor-element.elementor-element-c5d82a6.elementor-column .elementor-widget-wrap{align-items:flex-start;}.elementor-530 .elementor-element.elementor-element-c5d82a6.elementor-column.elementor-element[data-element_type=\"column\"] > .elementor-widget-wrap.elementor-element-populated{align-content:flex-start;align-items:flex-start;}.elementor-530 .elementor-element.elementor-element-c5d82a6 > .elementor-element-populated{padding:1em 1em 1em 1em;}.elementor-530 .elementor-element.elementor-element-0e01730{text-align:start;z-index:2;}.elementor-530 .elementor-element.elementor-element-0e01730 .elementor-heading-title{font-family:\"Downey\", Sans-serif;font-size:25px;font-weight:200;color:var( --e-global-color-ad67879 );}.elementor-530 .elementor-element.elementor-element-9acebd4{font-family:\"Montserrat\", Sans-serif;font-weight:300;color:var( --e-global-color-ad67879 );}.elementor-530 .elementor-element.elementor-element-9acebd4 > .elementor-widget-container{margin:0px 0px 30px 0px;padding:0px 0px 0px 0px;}.elementor-530 .elementor-element.elementor-element-12c1aa3{text-align:start;z-index:2;}.elementor-530 .elementor-element.elementor-element-12c1aa3 .elementor-heading-title{font-family:\"Downey\", Sans-serif;font-size:25px;font-weight:200;color:var( --e-global-color-ad67879 );}.elementor-530 .elementor-element.elementor-element-ed67f49{font-family:\"Montserrat\", Sans-serif;font-weight:300;color:var( --e-global-color-ad67879 );}.elementor-530 .elementor-element.elementor-element-ed67f49 > .elementor-widget-container{margin:0px 0px 30px 0px;padding:0px 0px 0px 0px;}@media(max-width:1024px) and (min-width:768px){.elementor-530 .elementor-element.elementor-element-a49d0fe{width:100%;}.elementor-530 .elementor-element.elementor-element-c5d82a6{width:100%;}}\/* Start Custom Fonts CSS *\/@font-face {\n\tfont-family: 'Downey';\n\tfont-style: normal;\n\tfont-weight: 100;\n\tfont-display: auto;\n\tsrc: url('https:\/\/wadendehner-set.de\/wp-content\/uploads\/2023\/10\/downey-black-webfont.woff') format('woff');\n}\n@font-face {\n\tfont-family: 'Downey';\n\tfont-style: normal;\n\tfont-weight: 200;\n\tfont-display: auto;\n\tsrc: url('https:\/\/wadendehner-set.de\/wp-content\/uploads\/2023\/10\/downey-bold-webfont.woff') format('woff');\n}\n@font-face {\n\tfont-family: 'Downey';\n\tfont-style: normal;\n\tfont-weight: 300;\n\tfont-display: auto;\n\tsrc: url('https:\/\/wadendehner-set.de\/wp-content\/uploads\/2023\/10\/downey-light-webfont.woff') format('woff');\n}\n@font-face {\n\tfont-family: 'Downey';\n\tfont-style: normal;\n\tfont-weight: 400;\n\tfont-display: auto;\n\tsrc: url('https:\/\/wadendehner-set.de\/wp-content\/uploads\/2023\/10\/downey-regular-webfont.woff') format('woff');\n}\n@font-face {\n\tfont-family: 'Downey';\n\tfont-style: normal;\n\tfont-weight: 500;\n\tfont-display: auto;\n\tsrc: url('https:\/\/wadendehner-set.de\/wp-content\/uploads\/2023\/10\/downeyoutline-black-webfont.woff') format('woff');\n}\n@font-face {\n\tfont-family: 'Downey';\n\tfont-style: normal;\n\tfont-weight: 600;\n\tfont-display: auto;\n\tsrc: url('https:\/\/wadendehner-set.de\/wp-content\/uploads\/2023\/10\/downeyoutline-bold-webfont.woff') format('woff');\n}\n@font-face {\n\tfont-family: 'Downey';\n\tfont-style: normal;\n\tfont-weight: 700;\n\tfont-display: auto;\n\tsrc: url('https:\/\/wadendehner-set.de\/wp-content\/uploads\/2023\/10\/downeyoutline-light-webfont.woff') format('woff');\n}\n@font-face {\n\tfont-family: 'Downey';\n\tfont-style: normal;\n\tfont-weight: 800;\n\tfont-display: auto;\n\tsrc: url('https:\/\/wadendehner-set.de\/wp-content\/uploads\/2023\/10\/downeyoutline-regular-webfont.woff') format('woff');\n}\n\/* End Custom Fonts CSS *\/<\/style>\t\t<div data-elementor-type=\"wp-page\" data-elementor-id=\"530\" class=\"elementor elementor-530\" data-elementor-post-type=\"page\">\n\t\t\t\t\t\t<section class=\"elementor-section elementor-top-section elementor-element elementor-element-b75351f elementor-section-height-min-height elementor-section-items-stretch elementor-section-boxed elementor-section-height-default\" data-id=\"b75351f\" data-element_type=\"section\" data-e-type=\"section\" data-settings=\"{&quot;background_background&quot;:&quot;classic&quot;}\">\n\t\t\t\t\t\t\t<div class=\"elementor-background-overlay\"><\/div>\n\t\t\t\t\t\t\t<div class=\"elementor-container elementor-column-gap-default\">\n\t\t\t\t\t<div class=\"elementor-column elementor-col-100 elementor-top-column elementor-element elementor-element-2ff6b63\" data-id=\"2ff6b63\" data-element_type=\"column\" data-e-type=\"column\">\n\t\t\t<div class=\"elementor-widget-wrap elementor-element-populated\">\n\t\t\t\t\t\t<div class=\"elementor-element elementor-element-bc86044 elementor-widget elementor-widget-heading\" data-id=\"bc86044\" data-element_type=\"widget\" data-e-type=\"widget\" data-widget_type=\"heading.default\">\n\t\t\t\t<div class=\"elementor-widget-container\">\n\t\t\t\t\t<h2 class=\"elementor-heading-title elementor-size-default\">Impressum<\/h2>\t\t\t\t<\/div>\n\t\t\t\t<\/div>\n\t\t\t\t<div class=\"elementor-element elementor-element-3877935 elementor-widget elementor-widget-text-editor\" data-id=\"3877935\" data-element_type=\"widget\" data-e-type=\"widget\" data-widget_type=\"text-editor.default\">\n\t\t\t\t<div class=\"elementor-widget-container\">\n\t\t\t\t\t\t\t\t\t<p><a href=\"https:\/\/wadendehner-set.de\/\">Startseite<\/a> &#8211; Impressum<\/p>\t\t\t\t\t\t\t\t<\/div>\n\t\t\t\t<\/div>\n\t\t\t\t<div class=\"elementor-element elementor-element-a0c33a4 elementor-widget elementor-widget-spacer\" data-id=\"a0c33a4\" data-element_type=\"widget\" data-e-type=\"widget\" data-widget_type=\"spacer.default\">\n\t\t\t\t<div class=\"elementor-widget-container\">\n\t\t\t\t\t\t\t<div class=\"elementor-spacer\">\n\t\t\t<div class=\"elementor-spacer-inner\"><\/div>\n\t\t<\/div>\n\t\t\t\t\t\t<\/div>\n\t\t\t\t<\/div>\n\t\t\t\t\t<\/div>\n\t\t<\/div>\n\t\t\t\t\t<\/div>\n\t\t<\/section>\n\t\t\t\t<section class=\"elementor-section elementor-top-section elementor-element elementor-element-90e1f9e elementor-section-boxed elementor-section-height-default elementor-section-height-default\" data-id=\"90e1f9e\" data-element_type=\"section\" data-e-type=\"section\" data-settings=\"{&quot;background_background&quot;:&quot;classic&quot;}\">\n\t\t\t\t\t\t<div class=\"elementor-container elementor-column-gap-default\">\n\t\t\t\t\t<div class=\"elementor-column elementor-col-50 elementor-top-column elementor-element elementor-element-a49d0fe\" data-id=\"a49d0fe\" data-element_type=\"column\" data-e-type=\"column\">\n\t\t\t<div class=\"elementor-widget-wrap elementor-element-populated\">\n\t\t\t\t\t\t<div class=\"elementor-element elementor-element-ed0227b elementor-widget elementor-widget-heading\" data-id=\"ed0227b\" data-element_type=\"widget\" data-e-type=\"widget\" data-widget_type=\"heading.default\">\n\t\t\t\t<div class=\"elementor-widget-container\">\n\t\t\t\t\t<h2 class=\"elementor-heading-title elementor-size-default\">Angaben gem\u00e4\u00df \u00a7 5 TMG<\/h2>\t\t\t\t<\/div>\n\t\t\t\t<\/div>\n\t\t\t\t<div class=\"elementor-element elementor-element-1d8528a elementor-widget elementor-widget-text-editor\" data-id=\"1d8528a\" data-element_type=\"widget\" data-e-type=\"widget\" data-widget_type=\"text-editor.default\">\n\t\t\t\t<div class=\"elementor-widget-container\">\n\t\t\t\t\t\t\t\t\t<div>Daniele Gulizia <\/div><div>Einzelunternehmer <\/div><div>Glasbachweg 8<\/div><div>78713 Schramberg<\/div>\t\t\t\t\t\t\t\t<\/div>\n\t\t\t\t<\/div>\n\t\t\t\t<div class=\"elementor-element elementor-element-a744116 elementor-widget elementor-widget-heading\" data-id=\"a744116\" data-element_type=\"widget\" data-e-type=\"widget\" data-widget_type=\"heading.default\">\n\t\t\t\t<div class=\"elementor-widget-container\">\n\t\t\t\t\t<h2 class=\"elementor-heading-title elementor-size-default\">Kontakt<\/h2>\t\t\t\t<\/div>\n\t\t\t\t<\/div>\n\t\t\t\t<div class=\"elementor-element elementor-element-fae05dc elementor-widget elementor-widget-text-editor\" data-id=\"fae05dc\" data-element_type=\"widget\" data-e-type=\"widget\" data-widget_type=\"text-editor.default\">\n\t\t\t\t<div class=\"elementor-widget-container\">\n\t\t\t\t\t\t\t\t\t<div>Telefon: +491633940572<\/div><div>E-Mail: info@pralizia.de<\/div><div>Umsatzsteur-ID: DE358009372<\/div>\t\t\t\t\t\t\t\t<\/div>\n\t\t\t\t<\/div>\n\t\t\t\t\t<\/div>\n\t\t<\/div>\n\t\t\t\t<div class=\"elementor-column elementor-col-50 elementor-top-column elementor-element elementor-element-c5d82a6\" data-id=\"c5d82a6\" data-element_type=\"column\" data-e-type=\"column\">\n\t\t\t<div class=\"elementor-widget-wrap elementor-element-populated\">\n\t\t\t\t\t\t<div class=\"elementor-element elementor-element-0e01730 elementor-widget elementor-widget-heading\" data-id=\"0e01730\" data-element_type=\"widget\" data-e-type=\"widget\" data-widget_type=\"heading.default\">\n\t\t\t\t<div class=\"elementor-widget-container\">\n\t\t\t\t\t<h2 class=\"elementor-heading-title elementor-size-default\">EU-Streitschlichtung<\/h2>\t\t\t\t<\/div>\n\t\t\t\t<\/div>\n\t\t\t\t<div class=\"elementor-element elementor-element-9acebd4 elementor-widget elementor-widget-text-editor\" data-id=\"9acebd4\" data-element_type=\"widget\" data-e-type=\"widget\" data-widget_type=\"text-editor.default\">\n\t\t\t\t<div class=\"elementor-widget-container\">\n\t\t\t\t\t\t\t\t\t<p>Die Europ\u00e4ische Kommission stellt eine Plattform zur Online-Streitbeilegung (OS) bereit, die Sie hier finden https:\/\/ec.europa.eu\/consumers\/odr.\/ Zur Teilnahme an einem Streitbeilegungsverfahren vor einer Verbraucherschlichtungsstele sind wir nicht verpflichtet und nicht bereit.<\/p>\t\t\t\t\t\t\t\t<\/div>\n\t\t\t\t<\/div>\n\t\t\t\t<div class=\"elementor-element elementor-element-12c1aa3 elementor-widget elementor-widget-heading\" data-id=\"12c1aa3\" data-element_type=\"widget\" data-e-type=\"widget\" data-widget_type=\"heading.default\">\n\t\t\t\t<div class=\"elementor-widget-container\">\n\t\t\t\t\t<h2 class=\"elementor-heading-title elementor-size-default\">Hinweis<\/h2>\t\t\t\t<\/div>\n\t\t\t\t<\/div>\n\t\t\t\t<div class=\"elementor-element elementor-element-ed67f49 elementor-widget elementor-widget-text-editor\" data-id=\"ed67f49\" data-element_type=\"widget\" data-e-type=\"widget\" data-widget_type=\"text-editor.default\">\n\t\t\t\t<div class=\"elementor-widget-container\">\n\t\t\t\t\t\t\t\t\t<p>Der Inhalt dieser Web-Seite ist urheberrechtlich gesch\u00fctz. Aus Gr\u00fcnden des Urhebrrechts ist eine \u00dcbernahme, Speicherung oder Vervielf\u00e4ltigung von Bildmaterial oder Grafiken aus dieser Web-Seite nicht gestattet.<\/p>\t\t\t\t\t\t\t\t<\/div>\n\t\t\t\t<\/div>\n\t\t\t\t\t<\/div>\n\t\t<\/div>\n\t\t\t\t\t<\/div>\n\t\t<\/section>\n\t\t\t\t<\/div>\n\t\t","protected":false},"excerpt":{"rendered":"<p>Impressum Startseite &#8211; Impressum Angaben gem\u00e4\u00df \u00a7 5 TMG Daniele Gulizia Einzelunternehmer Glasbachweg 878713 Schramberg Kontakt Telefon: +491633940572E-Mail: info@pralizia.deUmsatzsteur-ID: DE358009372 EU-Streitschlichtung Die Europ\u00e4ische Kommission stellt eine Plattform zur Online-Streitbeilegung (OS) bereit, die Sie hier finden https:\/\/ec.europa.eu\/consumers\/odr.\/ Zur Teilnahme an einem Streitbeilegungsverfahren vor einer Verbraucherschlichtungsstele sind wir nicht verpflichtet und nicht bereit. Hinweis Der Inhalt dieser [&hellip;]<\/p>\n","protected":false},"author":1,"featured_media":0,"parent":0,"menu_order":0,"comment_status":"closed","ping_status":"closed","template":"","meta":{"footnotes":""},"class_list":["post-530","page","type-page","status-publish","hentry"],"yoast_head":"<!-- This site is optimized with the Yoast SEO plugin v27.1.1 - https:\/\/yoast.com\/product\/yoast-seo-wordpress\/ -->\n<title>PRALIZIA - Impressum<\/title>\n<meta name=\"description\" content=\"Entdecke das Impressum von PRALIZIA, dem Ansprechpartner f\u00fcr Wadendehner-Sets. Kaufe jetzt mit Vertrauen und Sicherheit auf Amazon!\" \/>\n<meta name=\"robots\" content=\"index, follow, max-snippet:-1, max-image-preview:large, max-video-preview:-1\" \/>\n<link rel=\"canonical\" href=\"https:\/\/wadendehner-set.de\/index.php\/impressum\/\" \/>\n<meta property=\"og:locale\" content=\"de_DE\" \/>\n<meta property=\"og:type\" content=\"article\" \/>\n<meta property=\"og:title\" content=\"PRALIZIA - Impressum\" \/>\n<meta property=\"og:description\" content=\"Entdecke das Impressum von PRALIZIA, dem Ansprechpartner f\u00fcr Wadendehner-Sets. Kaufe jetzt mit Vertrauen und Sicherheit auf Amazon!\" \/>\n<meta property=\"og:url\" content=\"https:\/\/wadendehner-set.de\/index.php\/impressum\/\" \/>\n<meta property=\"og:site_name\" content=\"Wadendehner Set\" \/>\n<meta property=\"article:modified_time\" content=\"2023-10-24T16:36:31+00:00\" \/>\n<meta name=\"twitter:card\" content=\"summary_large_image\" \/>\n<meta name=\"twitter:label1\" content=\"Gesch\u00e4tzte Lesezeit\" \/>\n\t<meta name=\"twitter:data1\" content=\"1\u00a0Minute\" \/>\n<script type=\"application\/ld+json\" class=\"yoast-schema-graph\">{\"@context\":\"https:\/\/schema.org\",\"@graph\":[{\"@type\":\"WebPage\",\"@id\":\"https:\/\/wadendehner-set.de\/index.php\/impressum\/\",\"url\":\"https:\/\/wadendehner-set.de\/index.php\/impressum\/\",\"name\":\"PRALIZIA - Impressum\",\"isPartOf\":{\"@id\":\"https:\/\/wadendehner-set.de\/#website\"},\"datePublished\":\"2023-10-18T18:41:13+00:00\",\"dateModified\":\"2023-10-24T16:36:31+00:00\",\"description\":\"Entdecke das Impressum von PRALIZIA, dem Ansprechpartner f\u00fcr Wadendehner-Sets. Kaufe jetzt mit Vertrauen und Sicherheit auf Amazon!\",\"breadcrumb\":{\"@id\":\"https:\/\/wadendehner-set.de\/index.php\/impressum\/#breadcrumb\"},\"inLanguage\":\"de\",\"potentialAction\":[{\"@type\":\"ReadAction\",\"target\":[\"https:\/\/wadendehner-set.de\/index.php\/impressum\/\"]}]},{\"@type\":\"BreadcrumbList\",\"@id\":\"https:\/\/wadendehner-set.de\/index.php\/impressum\/#breadcrumb\",\"itemListElement\":[{\"@type\":\"ListItem\",\"position\":1,\"name\":\"Startseite\",\"item\":\"https:\/\/wadendehner-set.de\/\"},{\"@type\":\"ListItem\",\"position\":2,\"name\":\"Impressum\"}]},{\"@type\":\"WebSite\",\"@id\":\"https:\/\/wadendehner-set.de\/#website\",\"url\":\"https:\/\/wadendehner-set.de\/\",\"name\":\"Wadendehner Set\",\"description\":\"\",\"potentialAction\":[{\"@type\":\"SearchAction\",\"target\":{\"@type\":\"EntryPoint\",\"urlTemplate\":\"https:\/\/wadendehner-set.de\/?s={search_term_string}\"},\"query-input\":{\"@type\":\"PropertyValueSpecification\",\"valueRequired\":true,\"valueName\":\"search_term_string\"}}],\"inLanguage\":\"de\"}]}<\/script>\n<!-- \/ Yoast SEO plugin. -->","yoast_head_json":{"title":"PRALIZIA - Impressum","description":"Entdecke das Impressum von PRALIZIA, dem Ansprechpartner f\u00fcr Wadendehner-Sets. Kaufe jetzt mit Vertrauen und Sicherheit auf Amazon!","robots":{"index":"index","follow":"follow","max-snippet":"max-snippet:-1","max-image-preview":"max-image-preview:large","max-video-preview":"max-video-preview:-1"},"canonical":"https:\/\/wadendehner-set.de\/index.php\/impressum\/","og_locale":"de_DE","og_type":"article","og_title":"PRALIZIA - Impressum","og_description":"Entdecke das Impressum von PRALIZIA, dem Ansprechpartner f\u00fcr Wadendehner-Sets. Kaufe jetzt mit Vertrauen und Sicherheit auf Amazon!","og_url":"https:\/\/wadendehner-set.de\/index.php\/impressum\/","og_site_name":"Wadendehner Set","article_modified_time":"2023-10-24T16:36:31+00:00","twitter_card":"summary_large_image","twitter_misc":{"Gesch\u00e4tzte Lesezeit":"1\u00a0Minute"},"schema":{"@context":"https:\/\/schema.org","@graph":[{"@type":"WebPage","@id":"https:\/\/wadendehner-set.de\/index.php\/impressum\/","url":"https:\/\/wadendehner-set.de\/index.php\/impressum\/","name":"PRALIZIA - Impressum","isPartOf":{"@id":"https:\/\/wadendehner-set.de\/#website"},"datePublished":"2023-10-18T18:41:13+00:00","dateModified":"2023-10-24T16:36:31+00:00","description":"Entdecke das Impressum von PRALIZIA, dem Ansprechpartner f\u00fcr Wadendehner-Sets. Kaufe jetzt mit Vertrauen und Sicherheit auf Amazon!","breadcrumb":{"@id":"https:\/\/wadendehner-set.de\/index.php\/impressum\/#breadcrumb"},"inLanguage":"de","potentialAction":[{"@type":"ReadAction","target":["https:\/\/wadendehner-set.de\/index.php\/impressum\/"]}]},{"@type":"BreadcrumbList","@id":"https:\/\/wadendehner-set.de\/index.php\/impressum\/#breadcrumb","itemListElement":[{"@type":"ListItem","position":1,"name":"Startseite","item":"https:\/\/wadendehner-set.de\/"},{"@type":"ListItem","position":2,"name":"Impressum"}]},{"@type":"WebSite","@id":"https:\/\/wadendehner-set.de\/#website","url":"https:\/\/wadendehner-set.de\/","name":"Wadendehner Set","description":"","potentialAction":[{"@type":"SearchAction","target":{"@type":"EntryPoint","urlTemplate":"https:\/\/wadendehner-set.de\/?s={search_term_string}"},"query-input":{"@type":"PropertyValueSpecification","valueRequired":true,"valueName":"search_term_string"}}],"inLanguage":"de"}]}},"_links":{"self":[{"href":"https:\/\/wadendehner-set.de\/index.php\/wp-json\/wp\/v2\/pages\/530","targetHints":{"allow":["GET"]}}],"collection":[{"href":"https:\/\/wadendehner-set.de\/index.php\/wp-json\/wp\/v2\/pages"}],"about":[{"href":"https:\/\/wadendehner-set.de\/index.php\/wp-json\/wp\/v2\/types\/page"}],"author":[{"embeddable":true,"href":"https:\/\/wadendehner-set.de\/index.php\/wp-json\/wp\/v2\/users\/1"}],"replies":[{"embeddable":true,"href":"https:\/\/wadendehner-set.de\/index.php\/wp-json\/wp\/v2\/comments?post=530"}],"version-history":[{"count":20,"href":"https:\/\/wadendehner-set.de\/index.php\/wp-json\/wp\/v2\/pages\/530\/revisions"}],"predecessor-version":[{"id":818,"href":"https:\/\/wadendehner-set.de\/index.php\/wp-json\/wp\/v2\/pages\/530\/revisions\/818"}],"wp:attachment":[{"href":"https:\/\/wadendehner-set.de\/index.php\/wp-json\/wp\/v2\/media?parent=530"}],"curies":[{"name":"wp","href":"https:\/\/api.w.org\/{rel}","templated":true}]}}